{"id":13990,"date":"2026-03-03T10:31:52","date_gmt":"2026-03-03T09:31:52","guid":{"rendered":"https:\/\/www.inselwatt.de\/foehr\/cookie-richtlinie-eu\/"},"modified":"2026-03-13T08:48:22","modified_gmt":"2026-03-13T07:48:22","slug":"cookie-richtlinie-eu","status":"publish","type":"page","link":"https:\/\/www.inselwatt.de\/foehr\/cookie-richtlinie-eu\/","title":{"rendered":"Cookie-Richtlinie (EU)"},"content":{"rendered":"","protected":false},"excerpt":{"rendered":"","protected":false},"author":1,"featured_media":0,"parent":0,"menu_order":0,"comment_status":"closed","ping_status":"closed","template":"","meta":{"_acf_changed":false,"site-sidebar-layout":"default","site-content-layout":"","ast-site-content-layout":"default","site-content-style":"default","site-sidebar-style":"default","ast-global-header-display":"","ast-banner-title-visibility":"","ast-main-header-display":"","ast-hfb-above-header-display":"","ast-hfb-below-header-display":"","ast-hfb-mobile-header-display":"","site-post-title":"","ast-breadcrumbs-content":"","ast-featured-img":"","footer-sml-layout":"","ast-disable-related-posts":"","theme-transparent-header-meta":"","adv-header-id-meta":"","stick-header-meta":"","header-above-stick-meta":"","header-main-stick-meta":"","header-below-stick-meta":"","astra-migrate-meta-layouts":"set","ast-page-background-enabled":"default","ast-page-background-meta":{"desktop":{"background-color":"","background-image":"","background-repeat":"repeat","background-position":"center center","background-size":"auto","background-attachment":"scroll","background-type":"","background-media":"","overlay-type":"","overlay-color":"","overlay-opacity":"","overlay-gradient":""},"tablet":{"background-color":"","background-image":"","background-repeat":"repeat","background-position":"center center","background-size":"auto","background-attachment":"scroll","background-type":"","background-media":"","overlay-type":"","overlay-color":"","overlay-opacity":"","overlay-gradient":""},"mobile":{"background-color":"","background-image":"","background-repeat":"repeat","background-position":"center center","background-size":"auto","background-attachment":"scroll","background-type":"","background-media":"","overlay-type":"","overlay-color":"","overlay-opacity":"","overlay-gradient":""}},"ast-content-background-meta":{"desktop":{"background-color":"var(--ast-global-color-5)","background-image":"","background-repeat":"repeat","background-position":"center center","background-size":"auto","background-attachment":"scroll","background-type":"","background-media":"","overlay-type":"","overlay-color":"","overlay-opacity":"","overlay-gradient":""},"tablet":{"background-color":"var(--ast-global-color-5)","background-image":"","background-repeat":"repeat","background-position":"center center","background-size":"auto","background-attachment":"scroll","background-type":"","background-media":"","overlay-type":"","overlay-color":"","overlay-opacity":"","overlay-gradient":""},"mobile":{"background-color":"var(--ast-global-color-5)","background-image":"","background-repeat":"repeat","background-position":"center center","background-size":"auto","background-attachment":"scroll","background-type":"","background-media":"","overlay-type":"","overlay-color":"","overlay-opacity":"","overlay-gradient":""}},"footnotes":""},"class_list":["post-13990","page","type-page","status-publish","hentry"],"acf":[],"yoast_head":"<!-- This site is optimized with the Yoast SEO plugin v27.4 - https:\/\/yoast.com\/product\/yoast-seo-wordpress\/ -->\n<title>Cookie-Richtlinie (EU) - Inselwatt Foehr<\/title>\n<meta name=\"description\" content=\"Tide, Flut, Ebbe, Niedrigwasser, Hochwasser, Springtide, Wetter, Sturm, Sonne, Sonnenschutz, Wetterkleidung, Watt, Wattwandern, Strand, Sandbank, Pril, Pricke, Str\u00f6mung, Nordfriesland, Insel, Hallig, F\u00f6hr, Amrum, F\u00e4hre, Warft, Barfu\u00df, Wasser, Wattwurm, Muschel, Auster, Krebs, M\u00f6we, Seestern, Nationalpark, Weltnaturerbe, Zugv\u00f6gel, K\u00fcste, Deich, Natur, Naturschutzgebiet,Odde, D\u00fcne, Schweinwal, Seehund, Kegelrobbe, Scholle, Schnecke, Salzwiesen, Meeresboden, Tidenhub, Marsch, Vorland, Buhne, Salzwasser,Austernfischer, Queller, Knutt, Ringelgans, Graugans, Alpenstrandl\u00e4ufer,Abenteuer\" \/>\n<meta name=\"robots\" content=\"index, follow, max-snippet:-1, max-image-preview:large, max-video-preview:-1\" \/>\n<link rel=\"canonical\" href=\"https:\/\/www.inselwatt.de\/foehr\/cookie-richtlinie-eu\/\" \/>\n<meta property=\"og:locale\" content=\"de_DE\" \/>\n<meta property=\"og:type\" content=\"article\" \/>\n<meta property=\"og:title\" content=\"Cookie-Richtlinie (EU) - Inselwatt Foehr\" \/>\n<meta property=\"og:description\" content=\"Tide, Flut, Ebbe, Niedrigwasser, Hochwasser, Springtide, Wetter, Sturm, Sonne, Sonnenschutz, Wetterkleidung, Watt, Wattwandern, Strand, Sandbank, Pril, Pricke, Str\u00f6mung, Nordfriesland, Insel, Hallig, F\u00f6hr, Amrum, F\u00e4hre, Warft, Barfu\u00df, Wasser, Wattwurm, Muschel, Auster, Krebs, M\u00f6we, Seestern, Nationalpark, Weltnaturerbe, Zugv\u00f6gel, K\u00fcste, Deich, Natur, Naturschutzgebiet,Odde, D\u00fcne, Schweinwal, Seehund, Kegelrobbe, Scholle, Schnecke, Salzwiesen, Meeresboden, Tidenhub, Marsch, Vorland, Buhne, Salzwasser,Austernfischer, Queller, Knutt, Ringelgans, Graugans, Alpenstrandl\u00e4ufer,Abenteuer\" \/>\n<meta property=\"og:url\" content=\"https:\/\/www.inselwatt.de\/foehr\/cookie-richtlinie-eu\/\" \/>\n<meta property=\"og:site_name\" content=\"Inselwatt Foehr\" \/>\n<meta property=\"article:modified_time\" content=\"2026-03-13T07:48:22+00:00\" \/>\n<meta name=\"twitter:card\" content=\"summary_large_image\" \/>\n<script type=\"application\/ld+json\" class=\"yoast-schema-graph\">{\"@context\":\"https:\\\/\\\/schema.org\",\"@graph\":[{\"@type\":\"WebPage\",\"@id\":\"https:\\\/\\\/www.inselwatt.de\\\/foehr\\\/cookie-richtlinie-eu\\\/\",\"url\":\"https:\\\/\\\/www.inselwatt.de\\\/foehr\\\/cookie-richtlinie-eu\\\/\",\"name\":\"Cookie-Richtlinie (EU) - Inselwatt Foehr\",\"isPartOf\":{\"@id\":\"https:\\\/\\\/www.inselwatt.de\\\/foehr\\\/#website\"},\"datePublished\":\"2026-03-03T09:31:52+00:00\",\"dateModified\":\"2026-03-13T07:48:22+00:00\",\"description\":\"Tide, Flut, Ebbe, Niedrigwasser, Hochwasser, Springtide, Wetter, Sturm, Sonne, Sonnenschutz, Wetterkleidung, Watt, Wattwandern, Strand, Sandbank, Pril, Pricke, Str\u00f6mung, Nordfriesland, Insel, Hallig, F\u00f6hr, Amrum, F\u00e4hre, Warft, Barfu\u00df, Wasser, Wattwurm, Muschel, Auster, Krebs, M\u00f6we, Seestern, Nationalpark, Weltnaturerbe, Zugv\u00f6gel, K\u00fcste, Deich, Natur, Naturschutzgebiet,Odde, D\u00fcne, Schweinwal, Seehund, Kegelrobbe, Scholle, Schnecke, Salzwiesen, Meeresboden, Tidenhub, Marsch, Vorland, Buhne, Salzwasser,Austernfischer, Queller, Knutt, Ringelgans, Graugans, Alpenstrandl\u00e4ufer,Abenteuer\",\"breadcrumb\":{\"@id\":\"https:\\\/\\\/www.inselwatt.de\\\/foehr\\\/cookie-richtlinie-eu\\\/#breadcrumb\"},\"inLanguage\":\"de\",\"potentialAction\":[{\"@type\":\"ReadAction\",\"target\":[\"https:\\\/\\\/www.inselwatt.de\\\/foehr\\\/cookie-richtlinie-eu\\\/\"]}]},{\"@type\":\"BreadcrumbList\",\"@id\":\"https:\\\/\\\/www.inselwatt.de\\\/foehr\\\/cookie-richtlinie-eu\\\/#breadcrumb\",\"itemListElement\":[{\"@type\":\"ListItem\",\"position\":1,\"name\":\"Startseite\",\"item\":\"https:\\\/\\\/www.inselwatt.de\\\/foehr\\\/\"},{\"@type\":\"ListItem\",\"position\":2,\"name\":\"Cookie-Richtlinie (EU)\"}]},{\"@type\":\"WebSite\",\"@id\":\"https:\\\/\\\/www.inselwatt.de\\\/foehr\\\/#website\",\"url\":\"https:\\\/\\\/www.inselwatt.de\\\/foehr\\\/\",\"name\":\"Inselwatt Foehr\",\"description\":\"Wattwanderungen  F\u00f6hr, Amrum, Halligen\",\"potentialAction\":[{\"@type\":\"SearchAction\",\"target\":{\"@type\":\"EntryPoint\",\"urlTemplate\":\"https:\\\/\\\/www.inselwatt.de\\\/foehr\\\/?s={search_term_string}\"},\"query-input\":{\"@type\":\"PropertyValueSpecification\",\"valueRequired\":true,\"valueName\":\"search_term_string\"}}],\"inLanguage\":\"de\"}]}<\/script>\n<!-- \/ Yoast SEO plugin. -->","yoast_head_json":{"title":"Cookie-Richtlinie (EU) - Inselwatt Foehr","description":"Tide, Flut, Ebbe, Niedrigwasser, Hochwasser, Springtide, Wetter, Sturm, Sonne, Sonnenschutz, Wetterkleidung, Watt, Wattwandern, Strand, Sandbank, Pril, Pricke, Str\u00f6mung, Nordfriesland, Insel, Hallig, F\u00f6hr, Amrum, F\u00e4hre, Warft, Barfu\u00df, Wasser, Wattwurm, Muschel, Auster, Krebs, M\u00f6we, Seestern, Nationalpark, Weltnaturerbe, Zugv\u00f6gel, K\u00fcste, Deich, Natur, Naturschutzgebiet,Odde, D\u00fcne, Schweinwal, Seehund, Kegelrobbe, Scholle, Schnecke, Salzwiesen, Meeresboden, Tidenhub, Marsch, Vorland, Buhne, Salzwasser,Austernfischer, Queller, Knutt, Ringelgans, Graugans, Alpenstrandl\u00e4ufer,Abenteuer","robots":{"index":"index","follow":"follow","max-snippet":"max-snippet:-1","max-image-preview":"max-image-preview:large","max-video-preview":"max-video-preview:-1"},"canonical":"https:\/\/www.inselwatt.de\/foehr\/cookie-richtlinie-eu\/","og_locale":"de_DE","og_type":"article","og_title":"Cookie-Richtlinie (EU) - Inselwatt Foehr","og_description":"Tide, Flut, Ebbe, Niedrigwasser, Hochwasser, Springtide, Wetter, Sturm, Sonne, Sonnenschutz, Wetterkleidung, Watt, Wattwandern, Strand, Sandbank, Pril, Pricke, Str\u00f6mung, Nordfriesland, Insel, Hallig, F\u00f6hr, Amrum, F\u00e4hre, Warft, Barfu\u00df, Wasser, Wattwurm, Muschel, Auster, Krebs, M\u00f6we, Seestern, Nationalpark, Weltnaturerbe, Zugv\u00f6gel, K\u00fcste, Deich, Natur, Naturschutzgebiet,Odde, D\u00fcne, Schweinwal, Seehund, Kegelrobbe, Scholle, Schnecke, Salzwiesen, Meeresboden, Tidenhub, Marsch, Vorland, Buhne, Salzwasser,Austernfischer, Queller, Knutt, Ringelgans, Graugans, Alpenstrandl\u00e4ufer,Abenteuer","og_url":"https:\/\/www.inselwatt.de\/foehr\/cookie-richtlinie-eu\/","og_site_name":"Inselwatt Foehr","article_modified_time":"2026-03-13T07:48:22+00:00","twitter_card":"summary_large_image","schema":{"@context":"https:\/\/schema.org","@graph":[{"@type":"WebPage","@id":"https:\/\/www.inselwatt.de\/foehr\/cookie-richtlinie-eu\/","url":"https:\/\/www.inselwatt.de\/foehr\/cookie-richtlinie-eu\/","name":"Cookie-Richtlinie (EU) - Inselwatt Foehr","isPartOf":{"@id":"https:\/\/www.inselwatt.de\/foehr\/#website"},"datePublished":"2026-03-03T09:31:52+00:00","dateModified":"2026-03-13T07:48:22+00:00","description":"Tide, Flut, Ebbe, Niedrigwasser, Hochwasser, Springtide, Wetter, Sturm, Sonne, Sonnenschutz, Wetterkleidung, Watt, Wattwandern, Strand, Sandbank, Pril, Pricke, Str\u00f6mung, Nordfriesland, Insel, Hallig, F\u00f6hr, Amrum, F\u00e4hre, Warft, Barfu\u00df, Wasser, Wattwurm, Muschel, Auster, Krebs, M\u00f6we, Seestern, Nationalpark, Weltnaturerbe, Zugv\u00f6gel, K\u00fcste, Deich, Natur, Naturschutzgebiet,Odde, D\u00fcne, Schweinwal, Seehund, Kegelrobbe, Scholle, Schnecke, Salzwiesen, Meeresboden, Tidenhub, Marsch, Vorland, Buhne, Salzwasser,Austernfischer, Queller, Knutt, Ringelgans, Graugans, Alpenstrandl\u00e4ufer,Abenteuer","breadcrumb":{"@id":"https:\/\/www.inselwatt.de\/foehr\/cookie-richtlinie-eu\/#breadcrumb"},"inLanguage":"de","potentialAction":[{"@type":"ReadAction","target":["https:\/\/www.inselwatt.de\/foehr\/cookie-richtlinie-eu\/"]}]},{"@type":"BreadcrumbList","@id":"https:\/\/www.inselwatt.de\/foehr\/cookie-richtlinie-eu\/#breadcrumb","itemListElement":[{"@type":"ListItem","position":1,"name":"Startseite","item":"https:\/\/www.inselwatt.de\/foehr\/"},{"@type":"ListItem","position":2,"name":"Cookie-Richtlinie (EU)"}]},{"@type":"WebSite","@id":"https:\/\/www.inselwatt.de\/foehr\/#website","url":"https:\/\/www.inselwatt.de\/foehr\/","name":"Inselwatt Foehr","description":"Wattwanderungen  F\u00f6hr, Amrum, Halligen","potentialAction":[{"@type":"SearchAction","target":{"@type":"EntryPoint","urlTemplate":"https:\/\/www.inselwatt.de\/foehr\/?s={search_term_string}"},"query-input":{"@type":"PropertyValueSpecification","valueRequired":true,"valueName":"search_term_string"}}],"inLanguage":"de"}]}},"_links":{"self":[{"href":"https:\/\/www.inselwatt.de\/foehr\/wp-json\/wp\/v2\/pages\/13990","targetHints":{"allow":["GET"]}}],"collection":[{"href":"https:\/\/www.inselwatt.de\/foehr\/wp-json\/wp\/v2\/pages"}],"about":[{"href":"https:\/\/www.inselwatt.de\/foehr\/wp-json\/wp\/v2\/types\/page"}],"author":[{"embeddable":true,"href":"https:\/\/www.inselwatt.de\/foehr\/wp-json\/wp\/v2\/users\/1"}],"replies":[{"embeddable":true,"href":"https:\/\/www.inselwatt.de\/foehr\/wp-json\/wp\/v2\/comments?post=13990"}],"version-history":[{"count":2,"href":"https:\/\/www.inselwatt.de\/foehr\/wp-json\/wp\/v2\/pages\/13990\/revisions"}],"predecessor-version":[{"id":14033,"href":"https:\/\/www.inselwatt.de\/foehr\/wp-json\/wp\/v2\/pages\/13990\/revisions\/14033"}],"wp:attachment":[{"href":"https:\/\/www.inselwatt.de\/foehr\/wp-json\/wp\/v2\/media?parent=13990"}],"curies":[{"name":"wp","href":"https:\/\/api.w.org\/{rel}","templated":true}]}}