{"id":10876,"date":"2024-06-17T13:39:15","date_gmt":"2024-06-17T11:39:15","guid":{"rendered":"https:\/\/www.inselwatt.de\/foehr\/?page_id=10876"},"modified":"2026-01-23T15:32:04","modified_gmt":"2026-01-23T14:32:04","slug":"agb-allgemeine-geschaeftsbedingungen-inselwatt","status":"publish","type":"page","link":"https:\/\/www.inselwatt.de\/foehr\/agb-allgemeine-geschaeftsbedingungen-inselwatt\/","title":{"rendered":"AGB"},"content":{"rendered":"\t\t<div data-elementor-type=\"wp-page\" data-elementor-id=\"10876\" class=\"elementor elementor-10876\" data-elementor-post-type=\"page\">\n\t\t\t\t\t\t<section class=\"elementor-section elementor-top-section elementor-element elementor-element-8f5178c elementor-section-boxed elementor-section-height-default elementor-section-height-default\" data-id=\"8f5178c\" data-element_type=\"section\" data-e-type=\"section\">\n\t\t\t\t\t\t<div class=\"elementor-container elementor-column-gap-default\">\n\t\t\t\t\t<div class=\"elementor-column elementor-col-100 elementor-top-column elementor-element elementor-element-544a199\" data-id=\"544a199\" data-element_type=\"column\" data-e-type=\"column\">\n\t\t\t<div class=\"elementor-widget-wrap elementor-element-populated\">\n\t\t\t\t\t\t<div class=\"elementor-element elementor-element-a66466f elementor-widget-mobile__width-initial elementor-widget elementor-widget-spacer\" data-id=\"a66466f\" data-element_type=\"widget\" data-e-type=\"widget\" data-widget_type=\"spacer.default\">\n\t\t\t\t<div class=\"elementor-widget-container\">\n\t\t\t\t\t\t\t<div class=\"elementor-spacer\">\n\t\t\t<div class=\"elementor-spacer-inner\"><\/div>\n\t\t<\/div>\n\t\t\t\t\t\t<\/div>\n\t\t\t\t<\/div>\n\t\t\t\t<div class=\"elementor-element elementor-element-6f856bb elementor-widget elementor-widget-heading\" data-id=\"6f856bb\" data-element_type=\"widget\" data-e-type=\"widget\" data-widget_type=\"heading.default\">\n\t\t\t\t<div class=\"elementor-widget-container\">\n\t\t\t\t\t<h2 class=\"elementor-heading-title elementor-size-default\">Allgemeine Gesch\u00e4ftsbedingungen<br><\/h2>\t\t\t\t<\/div>\n\t\t\t\t<\/div>\n\t\t\t\t<div class=\"elementor-element elementor-element-e96a3ec elementor-widget elementor-widget-text-editor\" data-id=\"e96a3ec\" data-element_type=\"widget\" data-e-type=\"widget\" data-widget_type=\"text-editor.default\">\n\t\t\t\t<div class=\"elementor-widget-container\">\n\t\t\t\t\t\t\t\t\t<ol><li>Vertragspartner ist Inselwatt F\u00f6hr, vertreten durch Matthias Hansen (Strunwoi 11 in 25938 Borgsum) als Einzelunternehmer.<\/li><li>Matthias Hansen hat die erforderlichen Genehmigungen f\u00fcr die angebotenen Touren beim Amt in Nieb\u00fcll und Wyk angefragt und genehmigt bekommen.<\/li><li>Die zus\u00e4tzliche Genehmigung f\u00fcr die Tour von F\u00f6hr zum Festland wurde durch die Nationalparkverwaltung in T\u00f6nning ausgestellt.<\/li><li>Matthias Hansen ist durch zus\u00e4tzliche Qualifikationen Nationalparkwattf\u00fchrer beim Nationalpark Schleswig-Holsteinisches Wattenmeer geworden.<\/li><li>Die Anmeldung und Platzreservierung erfolgt ausschlie\u00dflich online \u00fcber das Terminportal von Inselwatt.<\/li><li>Gruppen oder Klassen k\u00f6nnen an den \u00f6ffentlichen Touren nicht teilnehmen.<\/li><li>Vor der Teilnahme an einer Wattwanderung soll jeder Teilnehmer sich \u00fcber Umfang und Dauer der ausgesuchten Tour (Daten dazu auf unserer Webseite) informiert haben.<\/li><li>Auf der Tour zwischen F\u00f6hr und Amrum und der Tour von F\u00f6hr zum Festland m\u00fcssen alle Teilnehmer f\u00fcr Teilstrecken Schuhwerk anziehen.<\/li><li>Ein Anrecht auf die Teilnahme an der Wattwanderung hat nur, wer 15 Minuten vor der angegebenen Startzeit der Best\u00e4tigungsmail am Treffpunkt ist und sich online \u00fcber unser Reservierungsportal angemeldet hat.<\/li><li>Die Bezahlung erfolgt vor dem Start der Wattwanderung vor Ort. In bar (Euro) oder seit 2025 auch kontaktlos (Visa, Master, Apple Pay, Google Pay). Sollte das kontaktlose Bezahlen aus irgendeinem Grund nicht m\u00f6glich sein, muss doch in bar bezahlt werden.<\/li><li><b data-path-to-node=\"17,0\" data-index-in-node=\"0\">Haftung:<\/b> Die Teilnahme erfolgt auf eigene Gefahr. F\u00fcr Sch\u00e4den aus der Verletzung des Lebens, des K\u00f6rpers oder der Gesundheit haftet Inselwatt nach den gesetzlichen Bestimmungen. F\u00fcr sonstige Sch\u00e4den haftet Inselwatt nur bei grobem Verschulden oder Vorsatz. Eine Haftung f\u00fcr verlorene oder besch\u00e4digte Gegenst\u00e4nde (z. B. Brillen, Kameras, Smartphones) wird ausgeschlossen, sofern nicht grobe Fahrl\u00e4ssigkeit vorliegt.<\/li><li><b data-path-to-node=\"17,1\" data-index-in-node=\"0\">Sicherheit:<\/b> Den Anweisungen des Wattf\u00fchrers ist im Interesse der Sicherheit aller Teilnehmer Folge zu leisten. Teilnehmer, die sich oder die Gruppe gef\u00e4hrden oder nicht \u00fcber das erforderliche Schuhwerk verf\u00fcgen, k\u00f6nnen von der Tour ausgeschlossen werden.<\/li><li>Inselwatt beh\u00e4lt sich vor, Wanderungen bei Gefahr f\u00fcr die Sicherheit der Teilnehmer (z. B. Gewitter, Nebel, Sturmflut oder unvorhersehbare Prielver\u00e4nderungen) auch kurzfristig abzusagen oder abzubrechen.\u201c<\/li><li>Inselwatt haftet nur f\u00fcr eigene Inhalte auf der Website. Soweit Inselwatt mit Links den Zugang zu anderen Websites erm\u00f6glicht, ist Inselwatt f\u00fcr dort enthaltene Inhalte nicht verantwortlich.<\/li><li>Das Mitf\u00fchren von Hunden oder anderen Tieren darf nur nach schriftlicher Anmeldung und Absprache erfolgen.<\/li><li>Durch die Leinenpflicht im Nationalpark m\u00fcssen die Hunde zwingend angemessen angeleint und im Umgang mit anderen Hunden und Menschen vertr\u00e4glich sein.<\/li><li>Auf der Tour von F\u00f6hr zum Festland und der Tour zu den Halligen ist das Mitf\u00fchren von Hunden nicht erlaubt.<\/li><li>Sollte eine Bestimmung dieser AGB unwirksam sein oder werden oder gesetzlichen Vorschriften widersprechen, bleibt die Wirksamkeit der \u00fcbrigen Bestimmungen unber\u00fchrt.<\/li><\/ol>\t\t\t\t\t\t\t\t<\/div>\n\t\t\t\t<\/div>\n\t\t\t\t\t<\/div>\n\t\t<\/div>\n\t\t\t\t\t<\/div>\n\t\t<\/section>\n\t\t\t\t<\/div>\n\t\t","protected":false},"excerpt":{"rendered":"<p>Allgemeine Gesch\u00e4ftsbedingungen Vertragspartner ist Inselwatt F\u00f6hr, vertreten durch Matthias Hansen (Strunwoi 11 in 25938 Borgsum) als Einzelunternehmer. Matthias Hansen hat die erforderlichen Genehmigungen f\u00fcr die angebotenen Touren beim Amt in Nieb\u00fcll und Wyk angefragt und genehmigt bekommen. Die zus\u00e4tzliche Genehmigung f\u00fcr die Tour von F\u00f6hr zum Festland wurde durch die Nationalparkverwaltung in T\u00f6nning ausgestellt. Matthias [&hellip;]<\/p>\n","protected":false},"author":2,"featured_media":0,"parent":0,"menu_order":0,"comment_status":"closed","ping_status":"closed","template":"","meta":{"_acf_changed":false,"site-sidebar-layout":"no-sidebar","site-content-layout":"page-builder","ast-site-content-layout":"full-width-container","site-content-style":"default","site-sidebar-style":"default","ast-global-header-display":"","ast-banner-title-visibility":"","ast-main-header-display":"","ast-hfb-above-header-display":"","ast-hfb-below-header-display":"","ast-hfb-mobile-header-display":"","site-post-title":"disabled","ast-breadcrumbs-content":"","ast-featured-img":"disabled","footer-sml-layout":"","ast-disable-related-posts":"","theme-transparent-header-meta":"","adv-header-id-meta":"","stick-header-meta":"","header-above-stick-meta":"","header-main-stick-meta":"","header-below-stick-meta":"","astra-migrate-meta-layouts":"set","ast-page-background-enabled":"default","ast-page-background-meta":{"desktop":{"background-color":"","background-image":"","background-repeat":"repeat","background-position":"center center","background-size":"auto","background-attachment":"scroll","background-type":"","background-media":"","overlay-type":"","overlay-color":"","overlay-opacity":"","overlay-gradient":""},"tablet":{"background-color":"","background-image":"","background-repeat":"repeat","background-position":"center center","background-size":"auto","background-attachment":"scroll","background-type":"","background-media":"","overlay-type":"","overlay-color":"","overlay-opacity":"","overlay-gradient":""},"mobile":{"background-color":"","background-image":"","background-repeat":"repeat","background-position":"center center","background-size":"auto","background-attachment":"scroll","background-type":"","background-media":"","overlay-type":"","overlay-color":"","overlay-opacity":"","overlay-gradient":""}},"ast-content-background-meta":{"desktop":{"background-color":"var(--ast-global-color-5)","background-image":"","background-repeat":"repeat","background-position":"center center","background-size":"auto","background-attachment":"scroll","background-type":"","background-media":"","overlay-type":"","overlay-color":"","overlay-opacity":"","overlay-gradient":""},"tablet":{"background-color":"var(--ast-global-color-5)","background-image":"","background-repeat":"repeat","background-position":"center center","background-size":"auto","background-attachment":"scroll","background-type":"","background-media":"","overlay-type":"","overlay-color":"","overlay-opacity":"","overlay-gradient":""},"mobile":{"background-color":"var(--ast-global-color-5)","background-image":"","background-repeat":"repeat","background-position":"center center","background-size":"auto","background-attachment":"scroll","background-type":"","background-media":"","overlay-type":"","overlay-color":"","overlay-opacity":"","overlay-gradient":""}},"footnotes":""},"class_list":["post-10876","page","type-page","status-publish","hentry"],"acf":[],"yoast_head":"<!-- This site is optimized with the Yoast SEO plugin v27.4 - https:\/\/yoast.com\/product\/yoast-seo-wordpress\/ -->\n<title>AGB - Inselwatt Foehr<\/title>\n<meta name=\"description\" content=\"AGB Inselwatt F\u00f6hr - Die allgemeinen Gesch\u00e4ftsbedingungen. Was muss ich beachten? Was sollte ich wissen! Antworten!\" \/>\n<meta name=\"robots\" content=\"index, follow, max-snippet:-1, max-image-preview:large, max-video-preview:-1\" \/>\n<link rel=\"canonical\" href=\"https:\/\/www.inselwatt.de\/foehr\/agb-allgemeine-geschaeftsbedingungen-inselwatt\/\" \/>\n<meta property=\"og:locale\" content=\"de_DE\" \/>\n<meta property=\"og:type\" content=\"article\" \/>\n<meta property=\"og:title\" content=\"AGB - Inselwatt Foehr\" \/>\n<meta property=\"og:description\" content=\"AGB Inselwatt F\u00f6hr - Die allgemeinen Gesch\u00e4ftsbedingungen. Was muss ich beachten? Was sollte ich wissen! Antworten!\" \/>\n<meta property=\"og:url\" content=\"https:\/\/www.inselwatt.de\/foehr\/agb-allgemeine-geschaeftsbedingungen-inselwatt\/\" \/>\n<meta property=\"og:site_name\" content=\"Inselwatt Foehr\" \/>\n<meta property=\"article:modified_time\" content=\"2026-01-23T14:32:04+00:00\" \/>\n<meta name=\"twitter:card\" content=\"summary_large_image\" \/>\n<script type=\"application\/ld+json\" class=\"yoast-schema-graph\">{\"@context\":\"https:\\\/\\\/schema.org\",\"@graph\":[{\"@type\":\"WebPage\",\"@id\":\"https:\\\/\\\/www.inselwatt.de\\\/foehr\\\/agb-allgemeine-geschaeftsbedingungen-inselwatt\\\/\",\"url\":\"https:\\\/\\\/www.inselwatt.de\\\/foehr\\\/agb-allgemeine-geschaeftsbedingungen-inselwatt\\\/\",\"name\":\"AGB - Inselwatt Foehr\",\"isPartOf\":{\"@id\":\"https:\\\/\\\/www.inselwatt.de\\\/foehr\\\/#website\"},\"datePublished\":\"2024-06-17T11:39:15+00:00\",\"dateModified\":\"2026-01-23T14:32:04+00:00\",\"description\":\"AGB Inselwatt F\u00f6hr - Die allgemeinen Gesch\u00e4ftsbedingungen. Was muss ich beachten? Was sollte ich wissen! Antworten!\",\"breadcrumb\":{\"@id\":\"https:\\\/\\\/www.inselwatt.de\\\/foehr\\\/agb-allgemeine-geschaeftsbedingungen-inselwatt\\\/#breadcrumb\"},\"inLanguage\":\"de\",\"potentialAction\":[{\"@type\":\"ReadAction\",\"target\":[\"https:\\\/\\\/www.inselwatt.de\\\/foehr\\\/agb-allgemeine-geschaeftsbedingungen-inselwatt\\\/\"]}]},{\"@type\":\"BreadcrumbList\",\"@id\":\"https:\\\/\\\/www.inselwatt.de\\\/foehr\\\/agb-allgemeine-geschaeftsbedingungen-inselwatt\\\/#breadcrumb\",\"itemListElement\":[{\"@type\":\"ListItem\",\"position\":1,\"name\":\"Startseite\",\"item\":\"https:\\\/\\\/www.inselwatt.de\\\/foehr\\\/\"},{\"@type\":\"ListItem\",\"position\":2,\"name\":\"AGB\"}]},{\"@type\":\"WebSite\",\"@id\":\"https:\\\/\\\/www.inselwatt.de\\\/foehr\\\/#website\",\"url\":\"https:\\\/\\\/www.inselwatt.de\\\/foehr\\\/\",\"name\":\"Inselwatt Foehr\",\"description\":\"Wattwanderungen  F\u00f6hr, Amrum, Halligen\",\"potentialAction\":[{\"@type\":\"SearchAction\",\"target\":{\"@type\":\"EntryPoint\",\"urlTemplate\":\"https:\\\/\\\/www.inselwatt.de\\\/foehr\\\/?s={search_term_string}\"},\"query-input\":{\"@type\":\"PropertyValueSpecification\",\"valueRequired\":true,\"valueName\":\"search_term_string\"}}],\"inLanguage\":\"de\"}]}<\/script>\n<!-- \/ Yoast SEO plugin. -->","yoast_head_json":{"title":"AGB - Inselwatt Foehr","description":"AGB Inselwatt F\u00f6hr - Die allgemeinen Gesch\u00e4ftsbedingungen. Was muss ich beachten? Was sollte ich wissen! Antworten!","robots":{"index":"index","follow":"follow","max-snippet":"max-snippet:-1","max-image-preview":"max-image-preview:large","max-video-preview":"max-video-preview:-1"},"canonical":"https:\/\/www.inselwatt.de\/foehr\/agb-allgemeine-geschaeftsbedingungen-inselwatt\/","og_locale":"de_DE","og_type":"article","og_title":"AGB - Inselwatt Foehr","og_description":"AGB Inselwatt F\u00f6hr - Die allgemeinen Gesch\u00e4ftsbedingungen. Was muss ich beachten? Was sollte ich wissen! Antworten!","og_url":"https:\/\/www.inselwatt.de\/foehr\/agb-allgemeine-geschaeftsbedingungen-inselwatt\/","og_site_name":"Inselwatt Foehr","article_modified_time":"2026-01-23T14:32:04+00:00","twitter_card":"summary_large_image","schema":{"@context":"https:\/\/schema.org","@graph":[{"@type":"WebPage","@id":"https:\/\/www.inselwatt.de\/foehr\/agb-allgemeine-geschaeftsbedingungen-inselwatt\/","url":"https:\/\/www.inselwatt.de\/foehr\/agb-allgemeine-geschaeftsbedingungen-inselwatt\/","name":"AGB - Inselwatt Foehr","isPartOf":{"@id":"https:\/\/www.inselwatt.de\/foehr\/#website"},"datePublished":"2024-06-17T11:39:15+00:00","dateModified":"2026-01-23T14:32:04+00:00","description":"AGB Inselwatt F\u00f6hr - Die allgemeinen Gesch\u00e4ftsbedingungen. Was muss ich beachten? Was sollte ich wissen! Antworten!","breadcrumb":{"@id":"https:\/\/www.inselwatt.de\/foehr\/agb-allgemeine-geschaeftsbedingungen-inselwatt\/#breadcrumb"},"inLanguage":"de","potentialAction":[{"@type":"ReadAction","target":["https:\/\/www.inselwatt.de\/foehr\/agb-allgemeine-geschaeftsbedingungen-inselwatt\/"]}]},{"@type":"BreadcrumbList","@id":"https:\/\/www.inselwatt.de\/foehr\/agb-allgemeine-geschaeftsbedingungen-inselwatt\/#breadcrumb","itemListElement":[{"@type":"ListItem","position":1,"name":"Startseite","item":"https:\/\/www.inselwatt.de\/foehr\/"},{"@type":"ListItem","position":2,"name":"AGB"}]},{"@type":"WebSite","@id":"https:\/\/www.inselwatt.de\/foehr\/#website","url":"https:\/\/www.inselwatt.de\/foehr\/","name":"Inselwatt Foehr","description":"Wattwanderungen  F\u00f6hr, Amrum, Halligen","potentialAction":[{"@type":"SearchAction","target":{"@type":"EntryPoint","urlTemplate":"https:\/\/www.inselwatt.de\/foehr\/?s={search_term_string}"},"query-input":{"@type":"PropertyValueSpecification","valueRequired":true,"valueName":"search_term_string"}}],"inLanguage":"de"}]}},"_links":{"self":[{"href":"https:\/\/www.inselwatt.de\/foehr\/wp-json\/wp\/v2\/pages\/10876","targetHints":{"allow":["GET"]}}],"collection":[{"href":"https:\/\/www.inselwatt.de\/foehr\/wp-json\/wp\/v2\/pages"}],"about":[{"href":"https:\/\/www.inselwatt.de\/foehr\/wp-json\/wp\/v2\/types\/page"}],"author":[{"embeddable":true,"href":"https:\/\/www.inselwatt.de\/foehr\/wp-json\/wp\/v2\/users\/2"}],"replies":[{"embeddable":true,"href":"https:\/\/www.inselwatt.de\/foehr\/wp-json\/wp\/v2\/comments?post=10876"}],"version-history":[{"count":55,"href":"https:\/\/www.inselwatt.de\/foehr\/wp-json\/wp\/v2\/pages\/10876\/revisions"}],"predecessor-version":[{"id":13586,"href":"https:\/\/www.inselwatt.de\/foehr\/wp-json\/wp\/v2\/pages\/10876\/revisions\/13586"}],"wp:attachment":[{"href":"https:\/\/www.inselwatt.de\/foehr\/wp-json\/wp\/v2\/media?parent=10876"}],"curies":[{"name":"wp","href":"https:\/\/api.w.org\/{rel}","templated":true}]}}