{"id":9694,"date":"2025-03-22T07:29:34","date_gmt":"2025-03-22T06:29:34","guid":{"rendered":"https:\/\/www.inselwatt.de\/amrum\/?page_id=9694"},"modified":"2026-01-23T15:31:16","modified_gmt":"2026-01-23T14:31:16","slug":"agb-allgemeine-geschaeftsbedingungen-inselwatt","status":"publish","type":"page","link":"https:\/\/www.inselwatt.de\/amrum\/agb-allgemeine-geschaeftsbedingungen-inselwatt\/","title":{"rendered":"AGB"},"content":{"rendered":"\t\t<div data-elementor-type=\"wp-page\" data-elementor-id=\"9694\" class=\"elementor elementor-9694\">\n\t\t\t\t\t\t<section class=\"elementor-section elementor-top-section elementor-element elementor-element-fd0e6fa elementor-section-boxed elementor-section-height-default elementor-section-height-default\" data-id=\"fd0e6fa\" data-element_type=\"section\" data-e-type=\"section\">\n\t\t\t\t\t\t<div class=\"elementor-container elementor-column-gap-default\">\n\t\t\t\t\t<div class=\"elementor-column elementor-col-100 elementor-top-column elementor-element elementor-element-b8a07d9\" data-id=\"b8a07d9\" data-element_type=\"column\" data-e-type=\"column\">\n\t\t\t<div class=\"elementor-widget-wrap elementor-element-populated\">\n\t\t\t\t\t\t<div class=\"elementor-element elementor-element-1f15a6d elementor-widget elementor-widget-heading\" data-id=\"1f15a6d\" data-element_type=\"widget\" data-e-type=\"widget\" data-widget_type=\"heading.default\">\n\t\t\t\t<div class=\"elementor-widget-container\">\n\t\t\t\t\t<h2 class=\"elementor-heading-title elementor-size-default\">\n<\/h2>\t\t\t\t<\/div>\n\t\t\t\t<\/div>\n\t\t\t\t<div class=\"elementor-element elementor-element-ee6445c elementor-widget elementor-widget-text-editor\" data-id=\"ee6445c\" data-element_type=\"widget\" data-e-type=\"widget\" data-widget_type=\"text-editor.default\">\n\t\t\t\t<div class=\"elementor-widget-container\">\n\t\t\t\t\t\t\t\t\t<ul><li>Vertragspartner ist Inselwatt Amrum, vertreten durch Henrik Hansen (Madelwai 9 in 25946 Norddorf) als Einzelunternehmer.<\/li><li>Henrik Hansen hat die erforderlichen Genehmigungen f\u00fcr die angebotenen Touren beim Amt F\u00f6hr-Amrum angefragt und genehmigt bekommen..<\/li><li>Die Anmeldung und Platzreservierung erfolgt ausschlie\u00dflich online \u00fcber das Terminportal von Inselwatt.<\/li><li>Gruppen oder Klassen k\u00f6nnen an den \u00f6ffentlichen Touren nicht teilnehmen.<\/li><li>Vor der Teilnahme an einer Wattwanderung soll jeder Teilnehmer sich \u00fcber Umfang und Dauer der ausgesuchten Tour (Daten dazu auf unserer Webseite) informiert haben.<\/li><li>Ein Anrecht auf die Teilnahme an der Wattwanderung hat nur, wer 15 Minuten vor der angegebenen Startzeit der Best\u00e4tigungsmail am Treffpunkt ist und sich online \u00fcber unser Reservierungsportal angemeldet hat.<\/li><li>Die Bezahlung erfolgt vor dem Start der Wattwanderung vor Ort. In bar (Euro) oder auch kontaktlos (Visa, Master, Apple Pay, Google Pay). Sollte das kontaktlose Bezahlen aus irgendeinem Grund nicht m\u00f6glich sein, muss doch in bar bezahlt werden.<\/li><li><b data-path-to-node=\"17,0\" data-index-in-node=\"0\">Haftung:<\/b> Die Teilnahme erfolgt auf eigene Gefahr. F\u00fcr Sch\u00e4den aus der Verletzung des Lebens, des K\u00f6rpers oder der Gesundheit haftet Inselwatt nach den gesetzlichen Bestimmungen. F\u00fcr sonstige Sch\u00e4den haftet Inselwatt nur bei grobem Verschulden oder Vorsatz. Eine Haftung f\u00fcr verlorene oder besch\u00e4digte Gegenst\u00e4nde (z. B. Brillen, Kameras, Smartphones) wird ausgeschlossen, sofern nicht grobe Fahrl\u00e4ssigkeit vorliegt.<\/li><li><b data-path-to-node=\"17,1\" data-index-in-node=\"0\">Sicherheit:<\/b> Den Anweisungen des Wattf\u00fchrers ist im Interesse der Sicherheit aller Teilnehmer Folge zu leisten. Teilnehmer, die sich oder die Gruppe gef\u00e4hrden, k\u00f6nnen von der Tour ausgeschlossen werden.<\/li><li>Inselwatt beh\u00e4lt sich vor, Wanderungen bei Gefahr f\u00fcr die Sicherheit der Teilnehmer (z. B. Gewitter, Nebel, Sturmflut oder unvorhersehbare Prielver\u00e4nderungen) auch kurzfristig abzusagen oder abzubrechen.\u201c<\/li><li>Inselwatt haftet nur f\u00fcr eigene Inhalte auf der Website. Soweit Inselwatt mit Links den Zugang zu anderen Websites erm\u00f6glicht, ist Inselwatt f\u00fcr dort enthaltene Inhalte nicht verantwortlich.<\/li><li>Das Mitf\u00fchren von Hunden oder anderen Tieren darf nur nach schriftlicher Anmeldung und Absprache erfolgen.<\/li><li>Durch die Leinenpflicht im Nationalpark m\u00fcssen die Hunde zwingend angemessen angeleint und im Umgang mit anderen Hunden und Menschen vertr\u00e4glich sein.<\/li><li>Sollte eine Bestimmung dieser AGB unwirksam sein oder werden oder gesetzlichen Vorschriften widersprechen, bleibt die Wirksamkeit der \u00fcbrigen Bestimmungen unber\u00fchrt<\/li><\/ul>\t\t\t\t\t\t\t\t<\/div>\n\t\t\t\t<\/div>\n\t\t\t\t\t<\/div>\n\t\t<\/div>\n\t\t\t\t\t<\/div>\n\t\t<\/section>\n\t\t\t\t<\/div>\n\t\t","protected":false},"excerpt":{"rendered":"<p>Vertragspartner ist Inselwatt Amrum, vertreten durch Henrik Hansen (Madelwai 9 in 25946 Norddorf) als Einzelunternehmer. Henrik Hansen hat die erforderlichen Genehmigungen f\u00fcr die angebotenen Touren beim Amt F\u00f6hr-Amrum angefragt und genehmigt bekommen.. Die Anmeldung und Platzreservierung erfolgt ausschlie\u00dflich online \u00fcber das Terminportal von Inselwatt. Gruppen oder Klassen k\u00f6nnen an den \u00f6ffentlichen Touren nicht teilnehmen. Vor [&hellip;]<\/p>\n","protected":false},"author":2,"featured_media":0,"parent":0,"menu_order":0,"comment_status":"closed","ping_status":"closed","template":"","meta":{"site-sidebar-layout":"no-sidebar","site-content-layout":"page-builder","ast-site-content-layout":"full-width-container","site-content-style":"default","site-sidebar-style":"default","ast-global-header-display":"","ast-banner-title-visibility":"","ast-main-header-display":"","ast-hfb-above-header-display":"","ast-hfb-below-header-display":"","ast-hfb-mobile-header-display":"","site-post-title":"disabled","ast-breadcrumbs-content":"","ast-featured-img":"disabled","footer-sml-layout":"","ast-disable-related-posts":"","theme-transparent-header-meta":"","adv-header-id-meta":"","stick-header-meta":"","header-above-stick-meta":"","header-main-stick-meta":"","header-below-stick-meta":"","astra-migrate-meta-layouts":"set","ast-page-background-enabled":"default","ast-page-background-meta":{"desktop":{"background-color":"","background-image":"","background-repeat":"repeat","background-position":"center center","background-size":"auto","background-attachment":"scroll","background-type":"","background-media":"","overlay-type":"","overlay-color":"","overlay-gradient":""},"tablet":{"background-color":"","background-image":"","background-repeat":"repeat","background-position":"center center","background-size":"auto","background-attachment":"scroll","background-type":"","background-media":"","overlay-type":"","overlay-color":"","overlay-gradient":""},"mobile":{"background-color":"","background-image":"","background-repeat":"repeat","background-position":"center center","background-size":"auto","background-attachment":"scroll","background-type":"","background-media":"","overlay-type":"","overlay-color":"","overlay-gradient":""}},"ast-content-background-meta":{"desktop":{"background-color":"var(--ast-global-color-5)","background-image":"","background-repeat":"repeat","background-position":"center center","background-size":"auto","background-attachment":"scroll","background-type":"","background-media":"","overlay-type":"","overlay-color":"","overlay-gradient":""},"tablet":{"background-color":"var(--ast-global-color-5)","background-image":"","background-repeat":"repeat","background-position":"center center","background-size":"auto","background-attachment":"scroll","background-type":"","background-media":"","overlay-type":"","overlay-color":"","overlay-gradient":""},"mobile":{"background-color":"var(--ast-global-color-5)","background-image":"","background-repeat":"repeat","background-position":"center center","background-size":"auto","background-attachment":"scroll","background-type":"","background-media":"","overlay-type":"","overlay-color":"","overlay-gradient":""}},"footnotes":""},"class_list":["post-9694","page","type-page","status-publish","hentry"],"yoast_head":"<!-- This site is optimized with the Yoast SEO plugin v27.4 - https:\/\/yoast.com\/product\/yoast-seo-wordpress\/ -->\n<title>Inselwatt Amrum - Wattwanderung und Wattf\u00fchrung auf dem Meeresboden. AGB<\/title>\n<meta name=\"description\" content=\"Wattf\u00fchrungen und Wattwanderungen zwischen F\u00f6hr und Amrum. Dies sind unsere allgemeinen Gesch\u00e4ftsbedingungen\" \/>\n<meta name=\"robots\" content=\"index, follow, max-snippet:-1, max-image-preview:large, max-video-preview:-1\" \/>\n<link rel=\"canonical\" href=\"https:\/\/www.inselwatt.de\/amrum\/agb-allgemeine-geschaeftsbedingungen-inselwatt\/\" \/>\n<meta property=\"og:locale\" content=\"de_DE\" \/>\n<meta property=\"og:type\" content=\"article\" \/>\n<meta property=\"og:title\" content=\"Inselwatt Amrum - Wattwanderung und Wattf\u00fchrung auf dem Meeresboden. AGB\" \/>\n<meta property=\"og:description\" content=\"Wattf\u00fchrungen und Wattwanderungen zwischen F\u00f6hr und Amrum. Dies sind unsere allgemeinen Gesch\u00e4ftsbedingungen\" \/>\n<meta property=\"og:url\" content=\"https:\/\/www.inselwatt.de\/amrum\/agb-allgemeine-geschaeftsbedingungen-inselwatt\/\" \/>\n<meta property=\"og:site_name\" content=\"Inselwatt Amrum\" \/>\n<meta property=\"article:modified_time\" content=\"2026-01-23T14:31:16+00:00\" \/>\n<meta name=\"twitter:card\" content=\"summary_large_image\" \/>\n<script type=\"application\/ld+json\" class=\"yoast-schema-graph\">{\"@context\":\"https:\\\/\\\/schema.org\",\"@graph\":[{\"@type\":\"WebPage\",\"@id\":\"https:\\\/\\\/www.inselwatt.de\\\/amrum\\\/agb-allgemeine-geschaeftsbedingungen-inselwatt\\\/\",\"url\":\"https:\\\/\\\/www.inselwatt.de\\\/amrum\\\/agb-allgemeine-geschaeftsbedingungen-inselwatt\\\/\",\"name\":\"Inselwatt Amrum - Wattwanderung und Wattf\u00fchrung auf dem Meeresboden. AGB\",\"isPartOf\":{\"@id\":\"https:\\\/\\\/www.inselwatt.de\\\/amrum\\\/#website\"},\"datePublished\":\"2025-03-22T06:29:34+00:00\",\"dateModified\":\"2026-01-23T14:31:16+00:00\",\"description\":\"Wattf\u00fchrungen und Wattwanderungen zwischen F\u00f6hr und Amrum. Dies sind unsere allgemeinen Gesch\u00e4ftsbedingungen\",\"breadcrumb\":{\"@id\":\"https:\\\/\\\/www.inselwatt.de\\\/amrum\\\/agb-allgemeine-geschaeftsbedingungen-inselwatt\\\/#breadcrumb\"},\"inLanguage\":\"de\",\"potentialAction\":[{\"@type\":\"ReadAction\",\"target\":[\"https:\\\/\\\/www.inselwatt.de\\\/amrum\\\/agb-allgemeine-geschaeftsbedingungen-inselwatt\\\/\"]}]},{\"@type\":\"BreadcrumbList\",\"@id\":\"https:\\\/\\\/www.inselwatt.de\\\/amrum\\\/agb-allgemeine-geschaeftsbedingungen-inselwatt\\\/#breadcrumb\",\"itemListElement\":[{\"@type\":\"ListItem\",\"position\":1,\"name\":\"Startseite\",\"item\":\"https:\\\/\\\/www.inselwatt.de\\\/amrum\\\/\"},{\"@type\":\"ListItem\",\"position\":2,\"name\":\"AGB\"}]},{\"@type\":\"WebSite\",\"@id\":\"https:\\\/\\\/www.inselwatt.de\\\/amrum\\\/#website\",\"url\":\"https:\\\/\\\/www.inselwatt.de\\\/amrum\\\/\",\"name\":\"Inselwatt Amrum\",\"description\":\"Wattwanderungen Amrum\",\"publisher\":{\"@id\":\"https:\\\/\\\/www.inselwatt.de\\\/amrum\\\/#organization\"},\"potentialAction\":[{\"@type\":\"SearchAction\",\"target\":{\"@type\":\"EntryPoint\",\"urlTemplate\":\"https:\\\/\\\/www.inselwatt.de\\\/amrum\\\/?s={search_term_string}\"},\"query-input\":{\"@type\":\"PropertyValueSpecification\",\"valueRequired\":true,\"valueName\":\"search_term_string\"}}],\"inLanguage\":\"de\"},{\"@type\":\"Organization\",\"@id\":\"https:\\\/\\\/www.inselwatt.de\\\/amrum\\\/#organization\",\"name\":\"Inselwatt Amrum\",\"url\":\"https:\\\/\\\/www.inselwatt.de\\\/amrum\\\/\",\"logo\":{\"@type\":\"ImageObject\",\"inLanguage\":\"de\",\"@id\":\"https:\\\/\\\/www.inselwatt.de\\\/amrum\\\/#\\\/schema\\\/logo\\\/image\\\/\",\"url\":\"https:\\\/\\\/www.inselwatt.de\\\/amrum\\\/wp-content\\\/uploads\\\/2023\\\/01\\\/INSELWATT-LOGO_Weiss-01-Neu.png\",\"contentUrl\":\"https:\\\/\\\/www.inselwatt.de\\\/amrum\\\/wp-content\\\/uploads\\\/2023\\\/01\\\/INSELWATT-LOGO_Weiss-01-Neu.png\",\"width\":1937,\"height\":1013,\"caption\":\"Inselwatt Amrum\"},\"image\":{\"@id\":\"https:\\\/\\\/www.inselwatt.de\\\/amrum\\\/#\\\/schema\\\/logo\\\/image\\\/\"}}]}<\/script>\n<!-- \/ Yoast SEO plugin. -->","yoast_head_json":{"title":"Inselwatt Amrum - Wattwanderung und Wattf\u00fchrung auf dem Meeresboden. AGB","description":"Wattf\u00fchrungen und Wattwanderungen zwischen F\u00f6hr und Amrum. Dies sind unsere allgemeinen Gesch\u00e4ftsbedingungen","robots":{"index":"index","follow":"follow","max-snippet":"max-snippet:-1","max-image-preview":"max-image-preview:large","max-video-preview":"max-video-preview:-1"},"canonical":"https:\/\/www.inselwatt.de\/amrum\/agb-allgemeine-geschaeftsbedingungen-inselwatt\/","og_locale":"de_DE","og_type":"article","og_title":"Inselwatt Amrum - Wattwanderung und Wattf\u00fchrung auf dem Meeresboden. AGB","og_description":"Wattf\u00fchrungen und Wattwanderungen zwischen F\u00f6hr und Amrum. Dies sind unsere allgemeinen Gesch\u00e4ftsbedingungen","og_url":"https:\/\/www.inselwatt.de\/amrum\/agb-allgemeine-geschaeftsbedingungen-inselwatt\/","og_site_name":"Inselwatt Amrum","article_modified_time":"2026-01-23T14:31:16+00:00","twitter_card":"summary_large_image","schema":{"@context":"https:\/\/schema.org","@graph":[{"@type":"WebPage","@id":"https:\/\/www.inselwatt.de\/amrum\/agb-allgemeine-geschaeftsbedingungen-inselwatt\/","url":"https:\/\/www.inselwatt.de\/amrum\/agb-allgemeine-geschaeftsbedingungen-inselwatt\/","name":"Inselwatt Amrum - Wattwanderung und Wattf\u00fchrung auf dem Meeresboden. AGB","isPartOf":{"@id":"https:\/\/www.inselwatt.de\/amrum\/#website"},"datePublished":"2025-03-22T06:29:34+00:00","dateModified":"2026-01-23T14:31:16+00:00","description":"Wattf\u00fchrungen und Wattwanderungen zwischen F\u00f6hr und Amrum. Dies sind unsere allgemeinen Gesch\u00e4ftsbedingungen","breadcrumb":{"@id":"https:\/\/www.inselwatt.de\/amrum\/agb-allgemeine-geschaeftsbedingungen-inselwatt\/#breadcrumb"},"inLanguage":"de","potentialAction":[{"@type":"ReadAction","target":["https:\/\/www.inselwatt.de\/amrum\/agb-allgemeine-geschaeftsbedingungen-inselwatt\/"]}]},{"@type":"BreadcrumbList","@id":"https:\/\/www.inselwatt.de\/amrum\/agb-allgemeine-geschaeftsbedingungen-inselwatt\/#breadcrumb","itemListElement":[{"@type":"ListItem","position":1,"name":"Startseite","item":"https:\/\/www.inselwatt.de\/amrum\/"},{"@type":"ListItem","position":2,"name":"AGB"}]},{"@type":"WebSite","@id":"https:\/\/www.inselwatt.de\/amrum\/#website","url":"https:\/\/www.inselwatt.de\/amrum\/","name":"Inselwatt Amrum","description":"Wattwanderungen Amrum","publisher":{"@id":"https:\/\/www.inselwatt.de\/amrum\/#organization"},"potentialAction":[{"@type":"SearchAction","target":{"@type":"EntryPoint","urlTemplate":"https:\/\/www.inselwatt.de\/amrum\/?s={search_term_string}"},"query-input":{"@type":"PropertyValueSpecification","valueRequired":true,"valueName":"search_term_string"}}],"inLanguage":"de"},{"@type":"Organization","@id":"https:\/\/www.inselwatt.de\/amrum\/#organization","name":"Inselwatt Amrum","url":"https:\/\/www.inselwatt.de\/amrum\/","logo":{"@type":"ImageObject","inLanguage":"de","@id":"https:\/\/www.inselwatt.de\/amrum\/#\/schema\/logo\/image\/","url":"https:\/\/www.inselwatt.de\/amrum\/wp-content\/uploads\/2023\/01\/INSELWATT-LOGO_Weiss-01-Neu.png","contentUrl":"https:\/\/www.inselwatt.de\/amrum\/wp-content\/uploads\/2023\/01\/INSELWATT-LOGO_Weiss-01-Neu.png","width":1937,"height":1013,"caption":"Inselwatt Amrum"},"image":{"@id":"https:\/\/www.inselwatt.de\/amrum\/#\/schema\/logo\/image\/"}}]}},"_links":{"self":[{"href":"https:\/\/www.inselwatt.de\/amrum\/wp-json\/wp\/v2\/pages\/9694","targetHints":{"allow":["GET"]}}],"collection":[{"href":"https:\/\/www.inselwatt.de\/amrum\/wp-json\/wp\/v2\/pages"}],"about":[{"href":"https:\/\/www.inselwatt.de\/amrum\/wp-json\/wp\/v2\/types\/page"}],"author":[{"embeddable":true,"href":"https:\/\/www.inselwatt.de\/amrum\/wp-json\/wp\/v2\/users\/2"}],"replies":[{"embeddable":true,"href":"https:\/\/www.inselwatt.de\/amrum\/wp-json\/wp\/v2\/comments?post=9694"}],"version-history":[{"count":16,"href":"https:\/\/www.inselwatt.de\/amrum\/wp-json\/wp\/v2\/pages\/9694\/revisions"}],"predecessor-version":[{"id":10241,"href":"https:\/\/www.inselwatt.de\/amrum\/wp-json\/wp\/v2\/pages\/9694\/revisions\/10241"}],"wp:attachment":[{"href":"https:\/\/www.inselwatt.de\/amrum\/wp-json\/wp\/v2\/media?parent=9694"}],"curies":[{"name":"wp","href":"https:\/\/api.w.org\/{rel}","templated":true}]}}